{"id":4505,"date":"2017-12-15T16:32:25","date_gmt":"2017-12-15T20:32:25","guid":{"rendered":"http:\/\/ranchoplayalt.com\/contacto\/"},"modified":"2022-08-03T12:59:24","modified_gmt":"2022-08-03T16:59:24","slug":"contacto","status":"publish","type":"page","link":"https:\/\/ranchoplayalt.com\/es\/contacto\/","title":{"rendered":"Contacto"},"content":{"rendered":"<div  class='av_gmaps_sc_main_wrap av_gmaps_main_wrap '><div id='av_gmap_0' class='avia-google-map-container avia-google-map-sc av_gmaps_show_unconditionally av-no-fallback-img ' data-mapid='av_gmap_0'  style='height: 400px;'><a class=\"av_gmaps_browser_disabled av_text_confirm_link av_text_confirm_link_visible\" href=\"https:\/\/www.google.com\/maps\/search\/?api=1&#038;query=19.3056715,-69.4537921\" target=\"_blank\">Maps were disabled by the visitor on this site. Click to open the map in a new window.<\/a><\/div><\/div>\n<div id='av-layout-grid-1'  class='av-layout-grid-container av-av_layout_row-edf07c93594a85695fda65c20c2393d8 entry-content-wrapper main_color av-flex-cells  avia-builder-el-1  el_after_av_google_map  avia-builder-el-last  grid-row-not-first  container_wrap fullsize'  >\n\n<style type=\"text\/css\" data-created_by=\"avia_inline_auto\" id=\"style-css-av-av_cell_two_third-f57c70f9f5a63fd800eb5b955b847c2a\">\n.flex_cell.av-av_cell_two_third-f57c70f9f5a63fd800eb5b955b847c2a{\nvertical-align:top;\n}\n.responsive #top #wrap_all .flex_cell.av-av_cell_two_third-f57c70f9f5a63fd800eb5b955b847c2a{\npadding:30px 30px 30px 30px !important;\n}\n<\/style>\n<div class='flex_cell av-av_cell_two_third-f57c70f9f5a63fd800eb5b955b847c2a av-gridrow-cell av_two_third no_margin  avia-builder-el-2  el_before_av_cell_one_third  avia-builder-el-first  content-align-top'  ><div class='flex_cell_inner'><p>\n<style type=\"text\/css\" data-created_by=\"avia_inline_auto\" id=\"style-css-av-av_heading-db7d181d9d019d1ae7d42bf345b4314d\">\n#top .av-special-heading.av-av_heading-db7d181d9d019d1ae7d42bf345b4314d{\npadding-bottom:10px;\n}\nbody .av-special-heading.av-av_heading-db7d181d9d019d1ae7d42bf345b4314d .av-special-heading-tag .heading-char{\nfont-size:25px;\n}\n.av-special-heading.av-av_heading-db7d181d9d019d1ae7d42bf345b4314d .av-subheading{\nfont-size:10px;\n}\n<\/style>\n<div  class='av-special-heading av-av_heading-db7d181d9d019d1ae7d42bf345b4314d av-special-heading-h3  avia-builder-el-3  el_before_av_textblock  avia-builder-el-first '><h3 class='av-special-heading-tag '  itemprop=\"headline\"  >Obtener itinerario<\/h3><div class=\"special-heading-border\"><div class=\"special-heading-inner-border\"><\/div><\/div><\/div><br \/>\n<section  class='av_textblock_section av-jgtksgf1-68ffd1436968c9970590dcc5fab92c2a '   itemscope=\"itemscope\" itemtype=\"https:\/\/schema.org\/CreativeWork\" ><div class='avia_textblock'  itemprop=\"text\" ><p><strong>Desde Las Terrenas:<\/strong><\/p>\n<p>Tome la direcci\u00f3n a &#8220;El Lim\u00f3n&#8221;, &#8220;Saman\u00e1&#8221; y, despu\u00e9s de 8 km, llegar\u00e1 a la gasolinera &#8220;SHELL&#8221; a su izquierda. Continuar 1 km. y encontrar\u00e1 RANCHO PLAYA a su derecha. El rancho est\u00e1 ubicado en &#8220;LA BARBACOA&#8221;, 2 km. antes de llegar al pueblo de El Lim\u00f3n.<\/p>\n<p><strong>Desde Saman\u00e1:<\/strong><\/p>\n<p>Tome direcci\u00f3n hacia &#8220;Las Terrenas&#8221;, &#8220;El Lim\u00f3n&#8221;. Llegar\u00e1 a El Lim\u00f3n despu\u00e9s de 20 km. Continuar 2 km. despu\u00e9s de El Lim\u00f3n, encontrar\u00e1 RANCHO PLAYA a la entrada de LA BARBACOA a su izquierda.<\/p>\n<\/div><\/section><br \/>\n\n<style type=\"text\/css\" data-created_by=\"avia_inline_auto\" id=\"style-css-av-av_heading-2e3a7051f18906e973ae6afc1472b8b4\">\n#top .av-special-heading.av-av_heading-2e3a7051f18906e973ae6afc1472b8b4{\npadding-bottom:0;\n}\nbody .av-special-heading.av-av_heading-2e3a7051f18906e973ae6afc1472b8b4 .av-special-heading-tag .heading-char{\nfont-size:25px;\n}\n.av-special-heading.av-av_heading-2e3a7051f18906e973ae6afc1472b8b4 .av-subheading{\nfont-size:15px;\n}\n<\/style>\n<div  class='av-special-heading av-av_heading-2e3a7051f18906e973ae6afc1472b8b4 av-special-heading-h5  avia-builder-el-5  el_after_av_textblock  el_before_av_hr '><h5 class='av-special-heading-tag '  itemprop=\"headline\"  >Contacto principal<\/h5><div class=\"special-heading-border\"><div class=\"special-heading-inner-border\"><\/div><\/div><\/div><br \/>\n\n<style type=\"text\/css\" data-created_by=\"avia_inline_auto\" id=\"style-css-av-av_hr-52b99614f1db0890c6e11e182627758b\">\n#top .hr.hr-invisible.av-av_hr-52b99614f1db0890c6e11e182627758b{\nheight:20px;\n}\n<\/style>\n<div  class='hr av-av_hr-52b99614f1db0890c6e11e182627758b hr-invisible  avia-builder-el-6  el_after_av_heading  el_before_av_one_half '><span class='hr-inner '><span class=\"hr-inner-style\"><\/span><\/span><\/div><br \/>\n\n<style type=\"text\/css\" data-created_by=\"avia_inline_auto\" id=\"style-css-av-av_one_half-9857f62eab2781ddd4e076b392864fa4\">\n#top .flex_column.av-av_one_half-9857f62eab2781ddd4e076b392864fa4{\nmargin-top:0px;\nmargin-bottom:0px;\n}\n.flex_column.av-av_one_half-9857f62eab2781ddd4e076b392864fa4{\nborder-radius:0px 0px 0px 0px;\npadding:0px 0px 0px 0px;\n}\n.responsive #top #wrap_all .flex_column.av-av_one_half-9857f62eab2781ddd4e076b392864fa4{\nmargin-top:0px;\nmargin-bottom:0px;\n}\n<\/style>\n<div  class='flex_column av-av_one_half-9857f62eab2781ddd4e076b392864fa4 av_one_half  avia-builder-el-7  el_after_av_hr  el_before_av_one_half  first flex_column_div av-zero-column-padding  '     ><p><div  class='avia-icon-list-container av-av_iconlist-acdfd980a1c6d2b0657468567fb213ab  avia-builder-el-8  el_before_av_iconlist  avia-builder-el-first '><ul class='avia-icon-list avia_animate_when_almost_visible avia-icon-list-left av-iconlist-small av-av_iconlist-acdfd980a1c6d2b0657468567fb213ab avia-iconlist-animate'>\n<li><div class='iconlist_icon av-av_iconlist_item-3e20ce30b21a557de511ec002a319503 avia-font-entypo-fontello avia-iconfont avia-font-entypo-fontello'><span class='av-icon-char' data-av_icon='\ue854' data-av_iconfont='entypo-fontello' aria-hidden=\"true\"><\/span><\/div><article class=\"article-icon-entry \"  itemscope=\"itemscope\" itemtype=\"https:\/\/schema.org\/CreativeWork\" ><div class=\"iconlist_content_wrap\"><header class=\"entry-content-header\" aria-label=\"Icon: Cel \/ Whatsapp: Nicole : + 1 829 868 5233\"><div class='av_iconlist_title iconlist_title_small  '  itemprop=\"headline\" >Cel \/ Whatsapp: Nicole : + 1 829 868 5233<\/div><\/header><div class='iconlist_content '  itemprop=\"text\" ><p>Ingl\u00e9s, Espa\u00f1ol, Alem\u00e1n, Franc\u00e9s<\/p>\n<\/div><\/div><footer class=\"entry-footer\"><\/footer><\/article><div class=\"iconlist-timeline\"><\/div><\/li>\n<\/ul><\/div><br \/>\n<div  class='avia-icon-list-container av-av_iconlist-acdfd980a1c6d2b0657468567fb213ab  avia-builder-el-9  el_after_av_iconlist  avia-builder-el-last '><ul class='avia-icon-list avia_animate_when_almost_visible avia-icon-list-left av-iconlist-small av-av_iconlist-acdfd980a1c6d2b0657468567fb213ab avia-iconlist-animate'>\n<li><div class='iconlist_icon av-av_iconlist_item-612517d34cce3db25ba76edb48cc2c37 avia-font-&#8217;entypo-fontello&#8217; avia-iconfont avia-font-&#8217;entypo-fontello&#8217;'><span class='av-icon-char' data-av_icon='' data-av_iconfont='&#8217;entypo-fontello&#8217;' aria-hidden=\"true\"><\/span><\/div><article class=\"article-icon-entry av-iconlist-empty\"  itemscope=\"itemscope\" itemtype=\"https:\/\/schema.org\/CreativeWork\" ><div class=\"iconlist_content_wrap\"><header class=\"entry-content-header\" aria-label=\"Icon: &#8217;E-mail:\"><div class='av_iconlist_title iconlist_title_small  '  itemprop=\"headline\" >&#8217;E-mail:<\/div><\/header><div class='iconlist_content '  itemprop=\"text\" ><\/div><\/div><footer class=\"entry-footer\"><\/footer><\/article><div class=\"iconlist-timeline\"><\/div><\/li>\n<li><div class='iconlist_icon av-av_iconlist_item-45bf80a334535f0fa7649a6a17febee3 avia-font-entypo-fontello avia-iconfont avia-font-entypo-fontello'><span class='av-icon-char' data-av_icon='\ue8b1' data-av_iconfont='entypo-fontello' aria-hidden=\"true\"><\/span><\/div><article class=\"article-icon-entry av-iconlist-empty\"  itemscope=\"itemscope\" itemtype=\"https:\/\/schema.org\/CreativeWork\" ><div class=\"iconlist_content_wrap\"><header class=\"entry-content-header\" aria-label=\"Icon: &lt;a href=&#039;http:\/\/ranchoplayalt.com\/es\/inicio\/&#039; title=&#039;Web: www.ranchoplayalt.com&#039;&gt;Web: www.ranchoplayalt.com&lt;\/a&gt;\"><div class='av_iconlist_title iconlist_title_small  '  itemprop=\"headline\" ><a href='http:\/\/ranchoplayalt.com\/es\/inicio\/' title='Web: www.ranchoplayalt.com'>Web: www.ranchoplayalt.com<\/a><\/div><\/header><div class='iconlist_content '  itemprop=\"text\" ><\/div><\/div><footer class=\"entry-footer\"><\/footer><\/article><div class=\"iconlist-timeline\"><\/div><\/li>\n<\/ul><\/div><\/p><\/div>\n<style type=\"text\/css\" data-created_by=\"avia_inline_auto\" id=\"style-css-av-av_one_half-c8fc129dc35fd1ae2a1e410224d39ea8\">\n#top .flex_column.av-av_one_half-c8fc129dc35fd1ae2a1e410224d39ea8{\nmargin-top:0px;\nmargin-bottom:0px;\n}\n.flex_column.av-av_one_half-c8fc129dc35fd1ae2a1e410224d39ea8{\nborder-radius:0px 0px 0px 0px;\npadding:0px 0px 0px 0px;\n}\n.responsive #top #wrap_all .flex_column.av-av_one_half-c8fc129dc35fd1ae2a1e410224d39ea8{\nmargin-top:0px;\nmargin-bottom:0px;\n}\n<\/style>\n<div  class='flex_column av-av_one_half-c8fc129dc35fd1ae2a1e410224d39ea8 av_one_half  avia-builder-el-10  el_after_av_one_half  el_before_av_heading  flex_column_div av-zero-column-padding  '     ><\/div>\n<style type=\"text\/css\" data-created_by=\"avia_inline_auto\" id=\"style-css-av-av_heading-67efcfed234087627010864954bff4ae\">\n#top .av-special-heading.av-av_heading-67efcfed234087627010864954bff4ae{\npadding-bottom:0;\n}\nbody .av-special-heading.av-av_heading-67efcfed234087627010864954bff4ae .av-special-heading-tag .heading-char{\nfont-size:25px;\n}\n.av-special-heading.av-av_heading-67efcfed234087627010864954bff4ae .av-subheading{\nfont-size:15px;\n}\n<\/style>\n<div  class='av-special-heading av-av_heading-67efcfed234087627010864954bff4ae av-special-heading-h5  avia-builder-el-11  el_after_av_one_half  el_before_av_one_full '><h5 class='av-special-heading-tag '  itemprop=\"headline\"  >Horas laborales<\/h5><div class=\"special-heading-border\"><div class=\"special-heading-inner-border\"><\/div><\/div><\/div><br \/>\n\n<style type=\"text\/css\" data-created_by=\"avia_inline_auto\" id=\"style-css-av-av_one_full-15d750bd1b332b34c6e70b077ebbccdf\">\n.flex_column.av-av_one_full-15d750bd1b332b34c6e70b077ebbccdf{\nborder-radius:0px 0px 0px 0px;\npadding:0px 0px 0px 0px;\n}\n<\/style>\n<div  class='flex_column av-av_one_full-15d750bd1b332b34c6e70b077ebbccdf av_one_full  avia-builder-el-12  el_after_av_heading  avia-builder-el-last  first flex_column_div av-zero-column-padding  '     ><section  class='av_textblock_section av-av_textblock-2bd894dbf2e4bf2c4acf98ce4fbf94aa '   itemscope=\"itemscope\" itemtype=\"https:\/\/schema.org\/CreativeWork\" ><div class='avia_textblock'  itemprop=\"text\" ><p style=\"text-align: left;\">De lunes a domingo: de 9:00 a 17:00 (de 9:00 a.m. a 5:00 p.m.)<\/p>\n<\/div><\/section><\/div><\/p>\n<\/div><\/div>\n<style type=\"text\/css\" data-created_by=\"avia_inline_auto\" id=\"style-css-av-av_cell_one_third-f57c70f9f5a63fd800eb5b955b847c2a\">\n.flex_cell.av-av_cell_one_third-f57c70f9f5a63fd800eb5b955b847c2a{\nvertical-align:top;\n}\n.responsive #top #wrap_all .flex_cell.av-av_cell_one_third-f57c70f9f5a63fd800eb5b955b847c2a{\npadding:30px 30px 30px 30px !important;\n}\n<\/style>\n<div class='flex_cell av-av_cell_one_third-f57c70f9f5a63fd800eb5b955b847c2a av-gridrow-cell av_one_third no_margin  avia-builder-el-14  el_after_av_cell_two_third  avia-builder-el-last  content-align-top'  ><div class='flex_cell_inner'><p>\n<style type=\"text\/css\" data-created_by=\"avia_inline_auto\" id=\"style-css-av-av_heading-dc18fa24a5a9a9794d5c13a13599fd7a\">\n#top .av-special-heading.av-av_heading-dc18fa24a5a9a9794d5c13a13599fd7a{\npadding-bottom:10px;\n}\nbody .av-special-heading.av-av_heading-dc18fa24a5a9a9794d5c13a13599fd7a .av-special-heading-tag .heading-char{\nfont-size:25px;\n}\n.av-special-heading.av-av_heading-dc18fa24a5a9a9794d5c13a13599fd7a .av-subheading{\nfont-size:10px;\n}\n<\/style>\n<div  class='av-special-heading av-av_heading-dc18fa24a5a9a9794d5c13a13599fd7a av-special-heading-h3  avia-builder-el-15  el_before_av_contact  avia-builder-el-first '><h3 class='av-special-heading-tag '  itemprop=\"headline\"  >Escr\u00edbanos<\/h3><div class=\"special-heading-border\"><div class=\"special-heading-inner-border\"><\/div><\/div><\/div><br \/>\n<form action=\"https:\/\/ranchoplayalt.com\/es\/contacto\/\" method=\"post\" data-fields-with-error=\"Found errors in the following field(s):\" class=\"avia_ajax_form av-form-labels-hidden   avia-builder-el-16  el_after_av_heading  avia-builder-el-last  av-centered-form   \" data-avia-form-id=\"1\" data-avia-redirect='' ><fieldset><p class='  first_form  form_element form_element_half' id='element_avia_1_1'><label for=\"avia_1_1\">Nombre <abbr class=\"required\" title=\"requerido\">*<\/abbr><\/label> <input name=\"avia_1_1\" class=\"text_input is_empty\" type=\"text\" id=\"avia_1_1\" value=\"\"  placeholder='Nombre*'\/><\/p><p class='  form_element form_element_half' id='element_avia_2_1'><label for=\"avia_2_1\">E-Mail <abbr class=\"required\" title=\"requerido\">*<\/abbr><\/label> <input name=\"avia_2_1\" class=\"text_input is_email\" type=\"text\" id=\"avia_2_1\" value=\"\"  placeholder='E-Mail*'\/><\/p><p class='  first_form  form_element form_fullwidth' id='element_avia_3_1'><label for=\"avia_3_1\">Asunto <abbr class=\"required\" title=\"requerido\">*<\/abbr><\/label> <input name=\"avia_3_1\" class=\"text_input is_empty\" type=\"text\" id=\"avia_3_1\" value=\"\"  placeholder='Asunto*'\/><\/p><p class='  first_form  form_element form_fullwidth' id='element_avia_4_1'><label for=\"avia_4_1\" class=\"textare_label hidden textare_label_avia_4_1\">Mensaje <abbr class=\"required\" title=\"requerido\">*<\/abbr><\/label><textarea  placeholder='Mensaje*' name=\"avia_4_1\" class=\"text_area is_empty\" cols=\"40\" rows=\"7\" id=\"avia_4_1\" ><\/textarea><\/p><p class=\"hidden\"><input type=\"text\" name=\"avia_5_1\" class=\"hidden \" id=\"avia_5_1\" value=\"\" \/><\/p><div id='avia_6_1' class='av-recaptcha-area  first_form  form_element form_fullwidth '  data-container_class=\"\" data-custom_class=\"\" data-context=\"av_contact_form\" data-token_input=\"av_recaptcha_token\" data-version=\"avia_recaptcha_v3\" data-theme=\"light\" data-size=\"normal\" data-score=\"0.5\" data-text_to_preview=\"\" data-value=\"\"><div class=\"av-google-badge-message hidden\">This site is protected by reCAPTCHA and the Google <a href=\"https:\/\/policies.google.com\/privacy\">Privacy Policy<\/a> and <a href=\"https:\/\/policies.google.com\/terms\">Terms of Service<\/a> apply.<\/div><\/div><p class=\"form_element \"><input type=\"hidden\" value=\"1\" name=\"avia_generated_form1\" \/><input type=\"submit\" value=\"Enviar\" class=\"button\"  data-sending-label=\"Enviando\"\/><\/p><\/fieldset><div class=\"avia-disabled-form\">Este formulario de contacto est\u00e1 desactivado porque rechazaste aceptar el servicio de Google reCaptcha, que es necesario para validar los mensajes enviados a trav\u00e9s del formulario.<\/div><\/form><div id=\"ajaxresponse_1\" class=\"ajaxresponse ajaxresponse_1 hidden\"><\/div><\/p>\n<\/div><\/div><\/div>\n","protected":false},"excerpt":{"rendered":"","protected":false},"author":1,"featured_media":0,"parent":0,"menu_order":4,"comment_status":"closed","ping_status":"closed","template":"","meta":{"footnotes":""},"class_list":["post-4505","page","type-page","status-publish","hentry"],"_links":{"self":[{"href":"https:\/\/ranchoplayalt.com\/es\/wp-json\/wp\/v2\/pages\/4505","targetHints":{"allow":["GET"]}}],"collection":[{"href":"https:\/\/ranchoplayalt.com\/es\/wp-json\/wp\/v2\/pages"}],"about":[{"href":"https:\/\/ranchoplayalt.com\/es\/wp-json\/wp\/v2\/types\/page"}],"author":[{"embeddable":true,"href":"https:\/\/ranchoplayalt.com\/es\/wp-json\/wp\/v2\/users\/1"}],"replies":[{"embeddable":true,"href":"https:\/\/ranchoplayalt.com\/es\/wp-json\/wp\/v2\/comments?post=4505"}],"version-history":[{"count":5,"href":"https:\/\/ranchoplayalt.com\/es\/wp-json\/wp\/v2\/pages\/4505\/revisions"}],"predecessor-version":[{"id":17568,"href":"https:\/\/ranchoplayalt.com\/es\/wp-json\/wp\/v2\/pages\/4505\/revisions\/17568"}],"wp:attachment":[{"href":"https:\/\/ranchoplayalt.com\/es\/wp-json\/wp\/v2\/media?parent=4505"}],"curies":[{"name":"wp","href":"https:\/\/api.w.org\/{rel}","templated":true}]}}