{"id":4401,"date":"2013-04-05T17:31:26","date_gmt":"2013-04-05T21:31:26","guid":{"rendered":"http:\/\/ranchoplayalt.com\/a-propos-de-nous\/termes-et-conditions\/"},"modified":"2017-12-15T22:48:08","modified_gmt":"2017-12-16T02:48:08","slug":"termes-et-conditions","status":"publish","type":"page","link":"https:\/\/ranchoplayalt.com\/fr\/a-propos-de-nous\/termes-et-conditions\/","title":{"rendered":"Termes et Conditions"},"content":{"rendered":"<div  class='flex_column av-av_one_full-2a9015ff38129c418a3f2eafba3e9512 av_one_full  avia-builder-el-0  avia-builder-el-no-sibling  first flex_column_div  '     ><p>\n<style type=\"text\/css\" data-created_by=\"avia_inline_auto\" id=\"style-css-av-av_heading-316f1b85996f7b64313ba41301b73bbf\">\n#top .av-special-heading.av-av_heading-316f1b85996f7b64313ba41301b73bbf{\npadding-bottom:10px;\ncolor:#764c29;\n}\nbody .av-special-heading.av-av_heading-316f1b85996f7b64313ba41301b73bbf .av-special-heading-tag .heading-char{\nfont-size:25px;\n}\n.av-special-heading.av-av_heading-316f1b85996f7b64313ba41301b73bbf .special-heading-inner-border{\nborder-color:#764c29;\n}\n.av-special-heading.av-av_heading-316f1b85996f7b64313ba41301b73bbf .av-subheading{\nfont-size:10px;\n}\n<\/style>\n<div  class='av-special-heading av-av_heading-316f1b85996f7b64313ba41301b73bbf av-special-heading-h1 custom-color-heading blockquote modern-quote modern-centered  avia-builder-el-1  el_before_av_hr  avia-builder-el-first '><h1 class='av-special-heading-tag '  itemprop=\"headline\"  >TERMES ET CONDITIONS<\/h1><div class=\"special-heading-border\"><div class=\"special-heading-inner-border\"><\/div><\/div><\/div><br \/>\n\n<style type=\"text\/css\" data-created_by=\"avia_inline_auto\" id=\"style-css-av-av_hr-05c8fde94740e91d9bef73be3848fd8e\">\n#top .hr.av-av_hr-05c8fde94740e91d9bef73be3848fd8e{\nmargin-top:10px;\nmargin-bottom:20px;\n}\n.hr.av-av_hr-05c8fde94740e91d9bef73be3848fd8e .hr-inner{\nwidth:200px;\nmax-width:45%;\n}\n<\/style>\n<div  class='hr av-av_hr-05c8fde94740e91d9bef73be3848fd8e hr-custom  avia-builder-el-2  el_after_av_heading  el_before_av_textblock  hr-center hr-icon-yes'><span class='hr-inner inner-border-av-border-fat'><span class=\"hr-inner-style\"><\/span><\/span><span class='av-seperator-icon avia-iconfont avia-font-entypo-fontello' data-av_icon='\ue809' data-av_iconfont='entypo-fontello' ><\/span><span class='hr-inner inner-border-av-border-fat'><span class=\"hr-inner-style\"><\/span><\/span><\/div><br \/>\n<section  class='av_textblock_section av-av_textblock-2bd894dbf2e4bf2c4acf98ce4fbf94aa '   itemscope=\"itemscope\" itemtype=\"https:\/\/schema.org\/CreativeWork\" ><div class='avia_textblock'  itemprop=\"text\" ><h4>V\u00caTEMENTS<\/h4>\n<p>Un pantalon long et des chaussures ferm\u00e9es sont obligatoires. Les lunettes de soleil sont facultatives.<\/p>\n\n<style type=\"text\/css\" data-created_by=\"avia_inline_auto\" id=\"style-css-av-av_hr-52b99614f1db0890c6e11e182627758b\">\n#top .hr.hr-invisible.av-av_hr-52b99614f1db0890c6e11e182627758b{\nheight:20px;\n}\n<\/style>\n<div  class='hr av-av_hr-52b99614f1db0890c6e11e182627758b hr-invisible  avia-builder-el-4  el_before_av_hr  avia-builder-el-first '><span class='hr-inner '><span class=\"hr-inner-style\"><\/span><\/span><\/div>\n<h4>NIVEAU\u00a0D\u00b4\u00c9QUITATON<\/h4>\n<p>Vous avez appris les trois diff\u00e9rents niveaux d&#8217;\u00e9quitation et choisi votre excursion en fonction de votre niveau.<\/p>\n<p><strong>Niveau 1:<\/strong> Vous n&#8217;avez jamais ou occasionnellement mont\u00e9 un cheval et vous n&#8217;avez aucune connaissance de l&#8217;\u00e9quitation. Vous voulez faire une randonn\u00e9e \u00e0 cheval, au pas, et d\u00e9couvrir les paysages tropicaux et la plage sauvage en toute tranquillit\u00e9.<\/p>\n<p><strong>Niveau 2:<\/strong> Vous montez \u00e0 cheval de temps en temps. Vous \u00eates \u00e0 l&#8217;aise sur un cheval et vous vous sentez confiant. Vous savez &#8220;guider&#8221; un cheval et vous \u00eates \u00e0 l&#8217;aise avec la deuxi\u00e8me allure (trot).<\/p>\n<p><strong>Niveau 3:<\/strong> Vous montez \u00e0 cheval assez r\u00e9guli\u00e8rement et vous pouvez avancer \u00e0 trois allures (au pas, au trot et au galop). Vous \u00eates en bonne condition physique et vous pouvez rester en selle pendant plusieurs heures.<\/p>\n\n<style type=\"text\/css\" data-created_by=\"avia_inline_auto\" id=\"style-css-av-av_hr-52b99614f1db0890c6e11e182627758b\">\n#top .hr.hr-invisible.av-av_hr-52b99614f1db0890c6e11e182627758b{\nheight:20px;\n}\n<\/style>\n<div  class='hr av-av_hr-52b99614f1db0890c6e11e182627758b hr-invisible  avia-builder-el-5  el_after_av_hr  el_before_av_hr '><span class='hr-inner '><span class=\"hr-inner-style\"><\/span><\/span><\/div>\n<h4>R\u00c9SERVATIONS ET ANNULATIONS<\/h4>\n<p>Toutes les excursions doivent \u00eatre pay\u00e9es lors de la r\u00e9servation.<\/p>\n<p>Seulement 50% seront remboursables si la r\u00e9servation est annul\u00e9e 48 heures avant l&#8217;excursion.<br \/>\nLes excursions ont lieu \u00e0 tout moment, la pluie n&#8217;est pas une raison d&#8217;annulation.<\/p>\n\n<style type=\"text\/css\" data-created_by=\"avia_inline_auto\" id=\"style-css-av-av_hr-52b99614f1db0890c6e11e182627758b\">\n#top .hr.hr-invisible.av-av_hr-52b99614f1db0890c6e11e182627758b{\nheight:20px;\n}\n<\/style>\n<div  class='hr av-av_hr-52b99614f1db0890c6e11e182627758b hr-invisible  avia-builder-el-6  el_after_av_hr  el_before_av_hr '><span class='hr-inner '><span class=\"hr-inner-style\"><\/span><\/span><\/div>\n<h4>AUTORISATION PARENTALE POUR ENFANTS<\/h4>\n<p>Une \u00abautorisation parentale\u00bb pour les enfants mineurs sera sign\u00e9e sur place avant d&#8217;\u00eatre en excursion. Vous pouvez \u00e9galement t\u00e9l\u00e9charger et remplir le formulaire ci-joint et nous le remettre avant l&#8217;excursion. (<a href=\"http:\/\/www.ranchoplayalt.com\/files\/parental-authorization-fr.pdf\" target=\"_blank\" rel=\"noopener\">lien vers le formulaire<\/a>)<\/p>\n\n<style type=\"text\/css\" data-created_by=\"avia_inline_auto\" id=\"style-css-av-av_hr-52b99614f1db0890c6e11e182627758b\">\n#top .hr.hr-invisible.av-av_hr-52b99614f1db0890c6e11e182627758b{\nheight:20px;\n}\n<\/style>\n<div  class='hr av-av_hr-52b99614f1db0890c6e11e182627758b hr-invisible  avia-builder-el-7  el_after_av_hr  avia-builder-el-last '><span class='hr-inner '><span class=\"hr-inner-style\"><\/span><\/span><\/div>\n<h4>ASSURANCE ET D\u00c9CHARGE?<\/h4>\n<p>Chaque participant signera un \u00abAccord d&#8217;excursion\u00bb avant le d\u00e9part. Chaque personne qui participe \u00e0 nos excursions confirme \u00eatre personnellement assur\u00e9e en cas d&#8217;accident. RANCHO PLAYA LT se d\u00e9charge enti\u00e8rement de toute responsabilit\u00e9 li\u00e9e \u00e0 ses randonn\u00e9es \u00e9questres. RANCHO PLAYA LT se d\u00e9charge \u00e9galement en cas de vol, perte ou d\u00e9t\u00e9rioration des effets personnels des participants.<br \/>\nLe port du casque est facultatif. Cependant, RANCHO PLAYA LT d\u00e9cline toute responsabilit\u00e9 quant \u00e0 l&#8217;utilisation du casque.<\/p>\n<p>L&#8217;Accord peut \u00eatre sign\u00e9 sur le site ou vous pouvez le t\u00e9l\u00e9charger ici. (<a href=\"http:\/\/www.ranchoplayalt.com\/files\/excursion-agreement-fr.pdf\" target=\"_blank\" rel=\"noopener\">lien vers le formulaire<\/a>)<\/p>\n<\/div><\/section><\/p><\/div>\n","protected":false},"excerpt":{"rendered":"","protected":false},"author":1,"featured_media":0,"parent":4267,"menu_order":12,"comment_status":"closed","ping_status":"closed","template":"","meta":{"footnotes":""},"class_list":["post-4401","page","type-page","status-publish","hentry"],"_links":{"self":[{"href":"https:\/\/ranchoplayalt.com\/fr\/wp-json\/wp\/v2\/pages\/4401","targetHints":{"allow":["GET"]}}],"collection":[{"href":"https:\/\/ranchoplayalt.com\/fr\/wp-json\/wp\/v2\/pages"}],"about":[{"href":"https:\/\/ranchoplayalt.com\/fr\/wp-json\/wp\/v2\/types\/page"}],"author":[{"embeddable":true,"href":"https:\/\/ranchoplayalt.com\/fr\/wp-json\/wp\/v2\/users\/1"}],"replies":[{"embeddable":true,"href":"https:\/\/ranchoplayalt.com\/fr\/wp-json\/wp\/v2\/comments?post=4401"}],"version-history":[{"count":5,"href":"https:\/\/ranchoplayalt.com\/fr\/wp-json\/wp\/v2\/pages\/4401\/revisions"}],"predecessor-version":[{"id":4579,"href":"https:\/\/ranchoplayalt.com\/fr\/wp-json\/wp\/v2\/pages\/4401\/revisions\/4579"}],"up":[{"embeddable":true,"href":"https:\/\/ranchoplayalt.com\/fr\/wp-json\/wp\/v2\/pages\/4267"}],"wp:attachment":[{"href":"https:\/\/ranchoplayalt.com\/fr\/wp-json\/wp\/v2\/media?parent=4401"}],"curies":[{"name":"wp","href":"https:\/\/api.w.org\/{rel}","templated":true}]}}